{"id":14,"date":"2025-01-10T19:34:06","date_gmt":"2025-01-10T18:34:06","guid":{"rendered":"http:\/\/rapid.ufzg.hr\/rapid\/?page_id=14"},"modified":"2025-03-10T18:22:09","modified_gmt":"2025-03-10T17:22:09","slug":"rezultati","status":"publish","type":"page","link":"https:\/\/rapid.ufzg.hr\/rapid\/rezultati\/","title":{"rendered":"Projektni rezultati"},"content":{"rendered":"\n<div class=\"wp-block-uagb-container uagb-block-50b925d9 alignfull uagb-is-root-container\"><div class=\"uagb-container-inner-blocks-wrap\">\n<div class=\"wp-block-uagb-advanced-heading uagb-block-220c73a7\"><h4 class=\"uagb-heading-text\">Objavljeni radovi<\/h4><div class=\"uagb-separator\"><\/div><\/div>\n\n\n\n<div class=\"wp-block-uagb-advanced-heading uagb-block-07965cdf\"><h6 class=\"uagb-heading-text\">\u0160iranovi\u0107, K., Glasnovi\u0107-Gracin, D., Cviki\u0107, L. &#8220;<a href=\"https:\/\/mis.element.hr\/clanak\/novi-pogledi-na-matematicku-pismenost\/\">Novi pogledi na matemati\u010dku pismenost<\/a>&#8220;; MI\u0160, Broj 128 \/ Godi\u0161te XXVI. \/ 2025.<\/h6><\/div>\n\n\n\n<hr class=\"wp-block-separator has-alpha-channel-opacity is-style-wide\"\/>\n\n\n\n<div class=\"wp-block-uagb-advanced-heading uagb-block-87ee7f10\"><h4 class=\"uagb-heading-text\">Baza podataka<\/h4><div class=\"uagb-separator\"><\/div><\/div>\n\n\n\n<div class=\"wp-block-uagb-advanced-heading uagb-block-7484104d\"><h6 class=\"uagb-heading-text\">Poveznica na bazu podataka TBA2025.<\/h6><\/div>\n\n\n\n<hr class=\"wp-block-separator has-alpha-channel-opacity is-style-wide\"\/>\n\n\n\n<div class=\"wp-block-uagb-advanced-heading uagb-block-0abaa9f8\"><h4 class=\"uagb-heading-text\">Jezgreni rje\u010dnik &#8211; RAPID<\/h4><div class=\"uagb-separator\"><\/div><\/div>\n\n\n\n<div class=\"wp-block-uagb-advanced-heading uagb-block-1fabbc3a\"><h6 class=\"uagb-heading-text\">Popis ili link na Google Drive &#8211; TBA2026.<\/h6><\/div>\n\n\n\n<hr class=\"wp-block-separator has-alpha-channel-opacity is-style-wide\"\/>\n\n\n\n<div class=\"wp-block-uagb-advanced-heading uagb-block-e628f5a3\"><h4 class=\"uagb-heading-text\">Nacrt glosara<\/h4><div class=\"uagb-separator\"><\/div><\/div>\n\n\n\n<div class=\"wp-block-uagb-advanced-heading uagb-block-1c452da9\"><h6 class=\"uagb-heading-text\">Tekst na stranici + PDF &#8211; TBA2027.<\/h6><\/div>\n\n\n\n<hr class=\"wp-block-separator has-alpha-channel-opacity is-style-wide\"\/>\n\n\n\n<div class=\"wp-block-uagb-advanced-heading uagb-block-57ca5c33\"><h4 class=\"uagb-heading-text\">e-publikacije<\/h4><div class=\"uagb-separator\"><\/div><\/div>\n\n\n\n<div class=\"wp-block-uagb-advanced-heading uagb-block-eb0f8a27\"><h6 class=\"uagb-heading-text\">objavljene na stranici kao PDF ili postavljena poveznica na UFZG webshop<\/h6><\/div>\n<\/div><\/div>\n\n\n\n<p><\/p>\n","protected":false},"excerpt":{"rendered":"<p>Objavljeni radovi \u0160iranovi\u0107, K., Glasnovi\u0107-Gracin, D., Cviki\u0107, L. &#8220;Novi pogledi na matemati\u010dku pismenost&#8220;; MI\u0160, Broj 128 \/ Godi\u0161te XXVI. \/ 2025. Baza podataka Poveznica na bazu podataka TBA2025. Jezgreni rje\u010dnik &#8211; RAPID Popis ili link na Google Drive &#8211; TBA2026. Nacrt glosara Tekst na stranici + PDF &#8211; TBA2027. e-publikacije objavljene na stranici kao PDF [&hellip;]<\/p>\n","protected":false},"author":1,"featured_media":0,"parent":0,"menu_order":0,"comment_status":"closed","ping_status":"closed","template":"","meta":{"_uag_custom_page_level_css":"","site-sidebar-layout":"right-sidebar","site-content-layout":"","ast-site-content-layout":"normal-width-container","site-content-style":"unboxed","site-sidebar-style":"default","ast-global-header-display":"","ast-banner-title-visibility":"","ast-main-header-display":"","ast-hfb-above-header-display":"","ast-hfb-below-header-display":"","ast-hfb-mobile-header-display":"","site-post-title":"disabled","ast-breadcrumbs-content":"","ast-featured-img":"","footer-sml-layout":"","theme-transparent-header-meta":"","adv-header-id-meta":"","stick-header-meta":"","header-above-stick-meta":"","header-main-stick-meta":"","header-below-stick-meta":"","astra-migrate-meta-layouts":"set","ast-page-background-enabled":"default","ast-page-background-meta":{"desktop":{"background-color":"var(--ast-global-color-4)","background-image":"","background-repeat":"repeat","background-position":"center center","background-size":"auto","background-attachment":"scroll","background-type":"","background-media":"","overlay-type":"","overlay-color":"","overlay-opacity":"","overlay-gradient":""},"tablet":{"background-color":"","background-image":"","background-repeat":"repeat","background-position":"center center","background-size":"auto","background-attachment":"scroll","background-type":"","background-media":"","overlay-type":"","overlay-color":"","overlay-opacity":"","overlay-gradient":""},"mobile":{"background-color":"","background-image":"","background-repeat":"repeat","background-position":"center center","background-size":"auto","background-attachment":"scroll","background-type":"","background-media":"","overlay-type":"","overlay-color":"","overlay-opacity":"","overlay-gradient":""}},"ast-content-background-meta":{"desktop":{"background-color":"var(--ast-global-color-5)","background-image":"","background-repeat":"repeat","background-position":"center center","background-size":"auto","background-attachment":"scroll","background-type":"","background-media":"","overlay-type":"","overlay-color":"","overlay-opacity":"","overlay-gradient":""},"tablet":{"background-color":"var(--ast-global-color-5)","background-image":"","background-repeat":"repeat","background-position":"center center","background-size":"auto","background-attachment":"scroll","background-type":"","background-media":"","overlay-type":"","overlay-color":"","overlay-opacity":"","overlay-gradient":""},"mobile":{"background-color":"var(--ast-global-color-5)","background-image":"","background-repeat":"repeat","background-position":"center center","background-size":"auto","background-attachment":"scroll","background-type":"","background-media":"","overlay-type":"","overlay-color":"","overlay-opacity":"","overlay-gradient":""}},"footnotes":""},"class_list":["post-14","page","type-page","status-publish","hentry"],"uagb_featured_image_src":{"full":false,"thumbnail":false,"medium":false,"medium_large":false,"large":false,"1536x1536":false,"2048x2048":false},"uagb_author_info":{"display_name":"marko","author_link":"https:\/\/rapid.ufzg.hr\/rapid\/author\/marko\/"},"uagb_comment_info":0,"uagb_excerpt":"Objavljeni radovi \u0160iranovi\u0107, K., Glasnovi\u0107-Gracin, D., Cviki\u0107, L. &#8220;Novi pogledi na matemati\u010dku pismenost&#8220;; MI\u0160, Broj 128 \/ Godi\u0161te XXVI. \/ 2025. Baza podataka Poveznica na bazu podataka TBA2025. Jezgreni rje\u010dnik &#8211; RAPID Popis ili link na Google Drive &#8211; TBA2026. Nacrt glosara Tekst na stranici + PDF &#8211; TBA2027. e-publikacije objavljene na stranici kao PDF&hellip;","_links":{"self":[{"href":"https:\/\/rapid.ufzg.hr\/rapid\/wp-json\/wp\/v2\/pages\/14","targetHints":{"allow":["GET"]}}],"collection":[{"href":"https:\/\/rapid.ufzg.hr\/rapid\/wp-json\/wp\/v2\/pages"}],"about":[{"href":"https:\/\/rapid.ufzg.hr\/rapid\/wp-json\/wp\/v2\/types\/page"}],"author":[{"embeddable":true,"href":"https:\/\/rapid.ufzg.hr\/rapid\/wp-json\/wp\/v2\/users\/1"}],"replies":[{"embeddable":true,"href":"https:\/\/rapid.ufzg.hr\/rapid\/wp-json\/wp\/v2\/comments?post=14"}],"version-history":[{"count":16,"href":"https:\/\/rapid.ufzg.hr\/rapid\/wp-json\/wp\/v2\/pages\/14\/revisions"}],"predecessor-version":[{"id":1347,"href":"https:\/\/rapid.ufzg.hr\/rapid\/wp-json\/wp\/v2\/pages\/14\/revisions\/1347"}],"wp:attachment":[{"href":"https:\/\/rapid.ufzg.hr\/rapid\/wp-json\/wp\/v2\/media?parent=14"}],"curies":[{"name":"wp","href":"https:\/\/api.w.org\/{rel}","templated":true}]}}