{"id":1316,"date":"2025-03-13T10:54:22","date_gmt":"2025-03-13T09:54:22","guid":{"rendered":"https:\/\/rapid.ufzg.hr\/rapid\/?page_id=1316"},"modified":"2025-12-20T12:10:14","modified_gmt":"2025-12-20T11:10:14","slug":"baza-podataka","status":"publish","type":"page","link":"https:\/\/rapid.ufzg.hr\/rapid\/baza-podataka\/","title":{"rendered":"Baza podataka"},"content":{"rendered":"\n<div class=\"wp-block-uagb-container uagb-block-50b925d9 alignfull uagb-is-root-container\"><div class=\"uagb-container-inner-blocks-wrap\">\n<div class=\"wp-block-uagb-advanced-heading uagb-block-87ee7f10\"><h4 class=\"uagb-heading-text\">Baza podataka &#8211; Frekvencijski rje\u010dnik ud\u017ebenika (sirovi podatci)<\/h4><div class=\"uagb-separator\"><\/div><\/div>\n\n\n\n<p class=\"has-medium-font-size\"><a href=\"http:\/\/rapid.ufzg.hr\/rapid\/wp-content\/uploads\/2025\/12\/baza_sto_kako_zasto.pdf\">Baza podataka &#8211; \u0160to? Kako? Za\u0161to? (PDF)<\/a><\/p>\n<\/div><\/div>\n\n\n\n        <div class=\"fps-wrapper\">\n            <div class=\"fps-column-filters\">\n                <div class=\"fps-filter-row\">\n                    <input type=\"text\" id=\"fps-filter-0\" placeholder=\"Oblik rije\u010di...\" class=\"fps-filter\">\n                    <input type=\"text\" id=\"fps-filter-1\" placeholder=\"Rije\u010d...\" class=\"fps-filter\">\n                    <input type=\"text\" id=\"fps-filter-2\" placeholder=\"Vrsta rije\u010di...\" class=\"fps-filter\">\n                    <select id=\"fps-filter-5\" class=\"fps-filter\">\n                        <option value=\"\">Svi predmeti<\/option>\n                        <option value=\"Matematika\">Matematika<\/option>\n                        <option value=\"PiD\">PiD<\/option>\n                        <option value=\"Priroda\">Priroda<\/option>\n                        <option value=\"Povijest\">Povijest<\/option>\n                    <\/select>\n                    <select id=\"fps-filter-6\" class=\"fps-filter\">\n                        <option value=\"\">Svi razredi<\/option>\n                        <option value=\"1\">1. razred<\/option>\n                        <option value=\"2\">2. razred<\/option>\n                        <option value=\"3\">3. razred<\/option>\n                        <option value=\"4\">4. razred<\/option>\n                        <option value=\"5\">5. razred<\/option>\n                        <option value=\"6\">6. razred<\/option>\n                    <\/select>\n                <\/div>\n            <\/div>\n            \n            <table id=\"fps-table\" class=\"display\" style=\"width:100%\">\n                <thead>\n                    <tr>\n                        <th>Oblik rije\u010di<\/th>\n                        <th>Rije\u010d<\/th>\n                        <th>Vrsta rije\u010di<\/th>\n                        <th>Frekvencija oblika<\/th>\n                        <th>Frekvencija natuknice<\/th>\n                        <th>Predmet<\/th>\n                        <th>Razred<\/th>\n                        <th>Zastupljenost<\/th>\n                    <\/tr>\n                <\/thead>\n                <tbody>\n                <\/tbody>\n            <\/table>\n        <\/div>\n        \n\n\n\n<p><\/p>\n\n\n\n<p><\/p>\n","protected":false},"excerpt":{"rendered":"<p>Baza podataka &#8211; Frekvencijski rje\u010dnik ud\u017ebenika (sirovi podatci) Baza podataka &#8211; \u0160to? Kako? Za\u0161to? (PDF)<\/p>\n","protected":false},"author":1,"featured_media":0,"parent":0,"menu_order":0,"comment_status":"closed","ping_status":"closed","template":"","meta":{"_uag_custom_page_level_css":"","site-sidebar-layout":"default","site-content-layout":"","ast-site-content-layout":"default","site-content-style":"default","site-sidebar-style":"default","ast-global-header-display":"","ast-banner-title-visibility":"","ast-main-header-display":"","ast-hfb-above-header-display":"","ast-hfb-below-header-display":"","ast-hfb-mobile-header-display":"","site-post-title":"","ast-breadcrumbs-content":"","ast-featured-img":"","footer-sml-layout":"","theme-transparent-header-meta":"","adv-header-id-meta":"","stick-header-meta":"","header-above-stick-meta":"","header-main-stick-meta":"","header-below-stick-meta":"","astra-migrate-meta-layouts":"set","ast-page-background-enabled":"default","ast-page-background-meta":{"desktop":{"background-color":"var(--ast-global-color-4)","background-image":"","background-repeat":"repeat","background-position":"center center","background-size":"auto","background-attachment":"scroll","background-type":"","background-media":"","overlay-type":"","overlay-color":"","overlay-opacity":"","overlay-gradient":""},"tablet":{"background-color":"","background-image":"","background-repeat":"repeat","background-position":"center center","background-size":"auto","background-attachment":"scroll","background-type":"","background-media":"","overlay-type":"","overlay-color":"","overlay-opacity":"","overlay-gradient":""},"mobile":{"background-color":"","background-image":"","background-repeat":"repeat","background-position":"center center","background-size":"auto","background-attachment":"scroll","background-type":"","background-media":"","overlay-type":"","overlay-color":"","overlay-opacity":"","overlay-gradient":""}},"ast-content-background-meta":{"desktop":{"background-color":"var(--ast-global-color-5)","background-image":"","background-repeat":"repeat","background-position":"center center","background-size":"auto","background-attachment":"scroll","background-type":"","background-media":"","overlay-type":"","overlay-color":"","overlay-opacity":"","overlay-gradient":""},"tablet":{"background-color":"var(--ast-global-color-5)","background-image":"","background-repeat":"repeat","background-position":"center center","background-size":"auto","background-attachment":"scroll","background-type":"","background-media":"","overlay-type":"","overlay-color":"","overlay-opacity":"","overlay-gradient":""},"mobile":{"background-color":"var(--ast-global-color-5)","background-image":"","background-repeat":"repeat","background-position":"center center","background-size":"auto","background-attachment":"scroll","background-type":"","background-media":"","overlay-type":"","overlay-color":"","overlay-opacity":"","overlay-gradient":""}},"footnotes":""},"class_list":["post-1316","page","type-page","status-publish","hentry"],"uagb_featured_image_src":{"full":false,"thumbnail":false,"medium":false,"medium_large":false,"large":false,"1536x1536":false,"2048x2048":false},"uagb_author_info":{"display_name":"marko","author_link":"https:\/\/rapid.ufzg.hr\/rapid\/author\/marko\/"},"uagb_comment_info":0,"uagb_excerpt":"Baza podataka &#8211; Frekvencijski rje\u010dnik ud\u017ebenika (sirovi podatci) Baza podataka &#8211; \u0160to? Kako? Za\u0161to? (PDF)","_links":{"self":[{"href":"https:\/\/rapid.ufzg.hr\/rapid\/wp-json\/wp\/v2\/pages\/1316","targetHints":{"allow":["GET"]}}],"collection":[{"href":"https:\/\/rapid.ufzg.hr\/rapid\/wp-json\/wp\/v2\/pages"}],"about":[{"href":"https:\/\/rapid.ufzg.hr\/rapid\/wp-json\/wp\/v2\/types\/page"}],"author":[{"embeddable":true,"href":"https:\/\/rapid.ufzg.hr\/rapid\/wp-json\/wp\/v2\/users\/1"}],"replies":[{"embeddable":true,"href":"https:\/\/rapid.ufzg.hr\/rapid\/wp-json\/wp\/v2\/comments?post=1316"}],"version-history":[{"count":25,"href":"https:\/\/rapid.ufzg.hr\/rapid\/wp-json\/wp\/v2\/pages\/1316\/revisions"}],"predecessor-version":[{"id":1737,"href":"https:\/\/rapid.ufzg.hr\/rapid\/wp-json\/wp\/v2\/pages\/1316\/revisions\/1737"}],"wp:attachment":[{"href":"https:\/\/rapid.ufzg.hr\/rapid\/wp-json\/wp\/v2\/media?parent=1316"}],"curies":[{"name":"wp","href":"https:\/\/api.w.org\/{rel}","templated":true}]}}