{"id":1312,"date":"2025-03-13T10:49:35","date_gmt":"2025-03-13T09:49:35","guid":{"rendered":"https:\/\/rapid.ufzg.hr\/rapid\/?page_id=1312"},"modified":"2025-12-20T11:14:46","modified_gmt":"2025-12-20T10:14:46","slug":"objavljeni-radovi","status":"publish","type":"page","link":"https:\/\/rapid.ufzg.hr\/rapid\/objavljeni-radovi\/","title":{"rendered":"Objavljeni radovi"},"content":{"rendered":"\n<div class=\"wp-block-uagb-container uagb-block-50b925d9 alignfull uagb-is-root-container\"><div class=\"uagb-container-inner-blocks-wrap\">\n<div class=\"wp-block-uagb-advanced-heading uagb-block-220c73a7\"><h4 class=\"uagb-heading-text\">Objavljeni radovi<\/h4><div class=\"uagb-separator\"><\/div><\/div>\n\n\n\n<div class=\"wp-block-uagb-advanced-heading uagb-block-c8cef01a\"><h6 class=\"uagb-heading-text\">Cviki\u0107, L., Vuji\u0107, P. (2025). Na\u010dini iskazivanja uzro\u010dnosti u ud\u017ebeni\u010dkom diskursu povijesti. u: Pon, L. i \u0160ari\u0107 \u0160ok\u010devi\u0107, I. (ur.). <em>Jezik u doba globalizacije. Zbornik radova s me\u0111unarodnoga znanstvenog skupa Hrvatskog dru\u0161tva za primijenjenu lingvistiku<\/em>. Zagreb: Hrvatsko dru\u0161tvo za primijenjenu lingvistiku, str. 127-138.<\/h6><div class=\"uagb-separator\"><\/div><\/div>\n\n\n\n<div class=\"wp-block-uagb-advanced-heading uagb-block-07965cdf\"><h6 class=\"uagb-heading-text\">\u0160iranovi\u0107, K., Glasnovi\u0107-Gracin, D., Cviki\u0107, L. <em>&#8220;<a href=\"https:\/\/mis.element.hr\/clanak\/novi-pogledi-na-matematicku-pismenost\/\">Novi pogledi na matemati\u010dku pismenost<\/a>&#8220;<\/em>; MI\u0160, Broj 128 \/ Godi\u0161te XXVI. \/ 2025.<\/h6><div class=\"uagb-separator\"><\/div><\/div>\n\n\n\n<div class=\"wp-block-uagb-advanced-heading uagb-block-d69ba37b\"><h6 class=\"uagb-heading-text\">\u0160iranovi\u0107, K., Glasnovi\u0107 Gracin, D., Cviki\u0107, L. (2025). <a href=\"https:\/\/www.ufzg.unizg.hr\/wp-content\/uploads\/2025\/06\/Zbornik-radova_DMD2025.pdf\"><em>Odrednice matemati\u010dke pismenosti u kurikulumu nastavnoga predmeta Matematika od prvog do \u0161estog razreda<\/em><\/a>. U: Badri\u0107, M. i Kokanovi\u0107, T. (ur). Zbornik radova Me\u0111unarodna znanstveno-stru\u010dna konferencija 21. Dani Mate Demarina Odgoj i obrazovanje u suvremenom dru\u0161tvu, str. 51-65. Zagreb: U\u010diteljski fakultet.<\/h6><div class=\"uagb-separator\"><\/div><\/div>\n\n\n\n<hr class=\"wp-block-separator has-alpha-channel-opacity is-style-wide\"\/>\n<\/div><\/div>\n\n\n\n<p><\/p>\n","protected":false},"excerpt":{"rendered":"<p>Objavljeni radovi Cviki\u0107, L., Vuji\u0107, P. (2025). Na\u010dini iskazivanja uzro\u010dnosti u ud\u017ebeni\u010dkom diskursu povijesti. u: Pon, L. i \u0160ari\u0107 \u0160ok\u010devi\u0107, I. (ur.). Jezik u doba globalizacije. Zbornik radova s me\u0111unarodnoga znanstvenog skupa Hrvatskog dru\u0161tva za primijenjenu lingvistiku. Zagreb: Hrvatsko dru\u0161tvo za primijenjenu lingvistiku, str. 127-138. \u0160iranovi\u0107, K., Glasnovi\u0107-Gracin, D., Cviki\u0107, L. &#8220;Novi pogledi na matemati\u010dku [&hellip;]<\/p>\n","protected":false},"author":1,"featured_media":0,"parent":0,"menu_order":0,"comment_status":"closed","ping_status":"closed","template":"","meta":{"_uag_custom_page_level_css":"","site-sidebar-layout":"default","site-content-layout":"","ast-site-content-layout":"default","site-content-style":"default","site-sidebar-style":"default","ast-global-header-display":"","ast-banner-title-visibility":"","ast-main-header-display":"","ast-hfb-above-header-display":"","ast-hfb-below-header-display":"","ast-hfb-mobile-header-display":"","site-post-title":"","ast-breadcrumbs-content":"","ast-featured-img":"","footer-sml-layout":"","theme-transparent-header-meta":"","adv-header-id-meta":"","stick-header-meta":"","header-above-stick-meta":"","header-main-stick-meta":"","header-below-stick-meta":"","astra-migrate-meta-layouts":"set","ast-page-background-enabled":"default","ast-page-background-meta":{"desktop":{"background-color":"var(--ast-global-color-4)","background-image":"","background-repeat":"repeat","background-position":"center center","background-size":"auto","background-attachment":"scroll","background-type":"","background-media":"","overlay-type":"","overlay-color":"","overlay-opacity":"","overlay-gradient":""},"tablet":{"background-color":"","background-image":"","background-repeat":"repeat","background-position":"center center","background-size":"auto","background-attachment":"scroll","background-type":"","background-media":"","overlay-type":"","overlay-color":"","overlay-opacity":"","overlay-gradient":""},"mobile":{"background-color":"","background-image":"","background-repeat":"repeat","background-position":"center center","background-size":"auto","background-attachment":"scroll","background-type":"","background-media":"","overlay-type":"","overlay-color":"","overlay-opacity":"","overlay-gradient":""}},"ast-content-background-meta":{"desktop":{"background-color":"var(--ast-global-color-5)","background-image":"","background-repeat":"repeat","background-position":"center center","background-size":"auto","background-attachment":"scroll","background-type":"","background-media":"","overlay-type":"","overlay-color":"","overlay-opacity":"","overlay-gradient":""},"tablet":{"background-color":"var(--ast-global-color-5)","background-image":"","background-repeat":"repeat","background-position":"center center","background-size":"auto","background-attachment":"scroll","background-type":"","background-media":"","overlay-type":"","overlay-color":"","overlay-opacity":"","overlay-gradient":""},"mobile":{"background-color":"var(--ast-global-color-5)","background-image":"","background-repeat":"repeat","background-position":"center center","background-size":"auto","background-attachment":"scroll","background-type":"","background-media":"","overlay-type":"","overlay-color":"","overlay-opacity":"","overlay-gradient":""}},"footnotes":""},"class_list":["post-1312","page","type-page","status-publish","hentry"],"uagb_featured_image_src":{"full":false,"thumbnail":false,"medium":false,"medium_large":false,"large":false,"1536x1536":false,"2048x2048":false},"uagb_author_info":{"display_name":"marko","author_link":"https:\/\/rapid.ufzg.hr\/rapid\/author\/marko\/"},"uagb_comment_info":0,"uagb_excerpt":"Objavljeni radovi Cviki\u0107, L., Vuji\u0107, P. (2025). Na\u010dini iskazivanja uzro\u010dnosti u ud\u017ebeni\u010dkom diskursu povijesti. u: Pon, L. i \u0160ari\u0107 \u0160ok\u010devi\u0107, I. (ur.). Jezik u doba globalizacije. Zbornik radova s me\u0111unarodnoga znanstvenog skupa Hrvatskog dru\u0161tva za primijenjenu lingvistiku. Zagreb: Hrvatsko dru\u0161tvo za primijenjenu lingvistiku, str. 127-138. \u0160iranovi\u0107, K., Glasnovi\u0107-Gracin, D., Cviki\u0107, L. &#8220;Novi pogledi na matemati\u010dku&hellip;","_links":{"self":[{"href":"https:\/\/rapid.ufzg.hr\/rapid\/wp-json\/wp\/v2\/pages\/1312","targetHints":{"allow":["GET"]}}],"collection":[{"href":"https:\/\/rapid.ufzg.hr\/rapid\/wp-json\/wp\/v2\/pages"}],"about":[{"href":"https:\/\/rapid.ufzg.hr\/rapid\/wp-json\/wp\/v2\/types\/page"}],"author":[{"embeddable":true,"href":"https:\/\/rapid.ufzg.hr\/rapid\/wp-json\/wp\/v2\/users\/1"}],"replies":[{"embeddable":true,"href":"https:\/\/rapid.ufzg.hr\/rapid\/wp-json\/wp\/v2\/comments?post=1312"}],"version-history":[{"count":5,"href":"https:\/\/rapid.ufzg.hr\/rapid\/wp-json\/wp\/v2\/pages\/1312\/revisions"}],"predecessor-version":[{"id":1720,"href":"https:\/\/rapid.ufzg.hr\/rapid\/wp-json\/wp\/v2\/pages\/1312\/revisions\/1720"}],"wp:attachment":[{"href":"https:\/\/rapid.ufzg.hr\/rapid\/wp-json\/wp\/v2\/media?parent=1312"}],"curies":[{"name":"wp","href":"https:\/\/api.w.org\/{rel}","templated":true}]}}