{"id":1084,"date":"2025-02-06T18:25:10","date_gmt":"2025-02-06T17:25:10","guid":{"rendered":"http:\/\/rapid.ufzg.hr\/rapid\/?page_id=1084"},"modified":"2025-12-20T10:16:06","modified_gmt":"2025-12-20T09:16:06","slug":"konferencije-skupovi","status":"publish","type":"page","link":"https:\/\/rapid.ufzg.hr\/rapid\/konferencije-skupovi\/","title":{"rendered":"Konferencije &amp; skupovi"},"content":{"rendered":"\n<div class=\"wp-block-uagb-container uagb-block-3ef9f147 alignfull uagb-is-root-container\"><div class=\"uagb-container-inner-blocks-wrap\">\n<div class=\"wp-block-uagb-advanced-heading uagb-block-0b6282e6\"><h4 class=\"uagb-heading-text\">Konferencije &amp; skupovi<\/h4><div class=\"uagb-separator\"><\/div><\/div>\n\n\n\n\t\t\t<div class=\"wp-block-uagb-post-grid uagb-post-grid  uagb-post__image-position-background uagb-post__image-enabled uagb-block-54d32fe7     uagb-post__items uagb-post__columns-1 is-grid uagb-post__columns-tablet-2 uagb-post__columns-mobile-1 uagb-post__equal-height\" data-total=\"3\" style=\"\">\n\n\t\t\t\t\t\t\t\t\t\t\t\t<article class=\"uagb-post__inner-wrap\">\t\t\t\t\t\t\t\t<h5 class=\"uagb-post__title uagb-post__text\">\n\t\t\t\t<a href=\"https:\/\/rapid.ufzg.hr\/rapid\/izlaganje-na-konferenciji-u-francuskoj\/\" target=\"_self\" rel=\"bookmark noopener noreferrer\">Izlaganje na konferenciji u Francuskoj<\/a>\n\t\t\t<\/h5>\n\t\t\t\t\t\t<div class='uagb-post__text uagb-post-grid-byline'>\n\t\t\t\t\t\t\t\t<time datetime=\"2025-12-06T11:26:07+01:00\" class=\"uagb-post__date\">\n\t\t\t\t<span class=\"dashicons-calendar dashicons\"><\/span>\t\t\t\t\t06\/12\/2025\t\t\t\t<\/time>\n\t\t\t\t\t\t<\/div>\n\t\t\t\t\t\t\t<div class='uagb-post__text uagb-post__excerpt'>\n\t\t\t\t\t<p>U francuskome gradu Valenciennes od 2. do 5. prosinca 2025. odr\u017eana je me\u0111unarodna lingvisti\u010dka konferencija o temi posvojnosti Possession and its Expressions: Corpus&#8230;\t\t\t\t<\/div>\n\t\t\t\t\t\t<div class=\"uagb-post__text uagb-post__cta wp-block-button\">\n\t\t\t\t<a class=\"wp-block-button__link uagb-text-link\" style=\"\" href=\"https:\/\/rapid.ufzg.hr\/rapid\/izlaganje-na-konferenciji-u-francuskoj\/\" target=\"_self\" rel=\"bookmark noopener noreferrer\">Vi\u0161e<\/a>\n\t\t\t<\/div>\n\t\t\t\t\t\t<div class='uagb-post__image'>\n\t\t\t\t\t\t\t\t\t<a href=\"https:\/\/rapid.ufzg.hr\/rapid\/izlaganje-na-konferenciji-u-francuskoj\/\" target=\"_self\" rel=\"bookmark noopener noreferrer\"><img loading=\"lazy\" decoding=\"async\" width=\"1920\" height=\"1024\" src=\"https:\/\/rapid.ufzg.hr\/rapid\/wp-content\/uploads\/2025\/12\/slika_11a-scaled-e1766418450862.jpg\" class=\"attachment-full size-full\" alt=\"Izlaganje - Francuska\" srcset=\"https:\/\/rapid.ufzg.hr\/rapid\/wp-content\/uploads\/2025\/12\/slika_11a-scaled-e1766418450862.jpg 1920w, https:\/\/rapid.ufzg.hr\/rapid\/wp-content\/uploads\/2025\/12\/slika_11a-scaled-e1766418450862-300x160.jpg 300w, https:\/\/rapid.ufzg.hr\/rapid\/wp-content\/uploads\/2025\/12\/slika_11a-scaled-e1766418450862-1024x546.jpg 1024w, https:\/\/rapid.ufzg.hr\/rapid\/wp-content\/uploads\/2025\/12\/slika_11a-scaled-e1766418450862-768x410.jpg 768w, https:\/\/rapid.ufzg.hr\/rapid\/wp-content\/uploads\/2025\/12\/slika_11a-scaled-e1766418450862-1536x819.jpg 1536w\" sizes=\"auto, (max-width: 1920px) 100vw, 1920px\" \/>\t\t\t\t\t<\/a>\n\t\t\t\t\t\t\t\t\t<\/div>\n\t\t\t\n\t\t\t\t\t\t\t\t\t<\/article>\n\t\t\t\t\t\t\t\t\t\t\t\t\t\t\t\t<article class=\"uagb-post__inner-wrap\">\t\t\t\t\t\t\t\t<h5 class=\"uagb-post__title uagb-post__text\">\n\t\t\t\t<a href=\"https:\/\/rapid.ufzg.hr\/rapid\/sudjelovanje-na-konferenciji-dijete-i-jezik\/\" target=\"_self\" rel=\"bookmark noopener noreferrer\">Sudjelovanje na konferenciji Dijete i jezik<\/a>\n\t\t\t<\/h5>\n\t\t\t\t\t\t<div class='uagb-post__text uagb-post-grid-byline'>\n\t\t\t\t\t\t\t\t<time datetime=\"2025-12-01T11:20:00+01:00\" class=\"uagb-post__date\">\n\t\t\t\t<span class=\"dashicons-calendar dashicons\"><\/span>\t\t\t\t\t01\/12\/2025\t\t\t\t<\/time>\n\t\t\t\t\t\t<\/div>\n\t\t\t\t\t\t\t<div class='uagb-post__text uagb-post__excerpt'>\n\t\t\t\t\t<p>Me\u0111unarodna znanstvena konferencija Dijete i jezik odr\u017eana je na Fakultetu za odgojne i obrazovne znanosti Sveu\u010dili\u0161ta J. J. Strossmayer u Osijeku 28. i&#8230;\t\t\t\t<\/div>\n\t\t\t\t\t\t<div class=\"uagb-post__text uagb-post__cta wp-block-button\">\n\t\t\t\t<a class=\"wp-block-button__link uagb-text-link\" style=\"\" href=\"https:\/\/rapid.ufzg.hr\/rapid\/sudjelovanje-na-konferenciji-dijete-i-jezik\/\" target=\"_self\" rel=\"bookmark noopener noreferrer\">Vi\u0161e<\/a>\n\t\t\t<\/div>\n\t\t\t\t\t\t<div class='uagb-post__image'>\n\t\t\t\t\t\t\t\t\t<a href=\"https:\/\/rapid.ufzg.hr\/rapid\/sudjelovanje-na-konferenciji-dijete-i-jezik\/\" target=\"_self\" rel=\"bookmark noopener noreferrer\"><img loading=\"lazy\" decoding=\"async\" width=\"1058\" height=\"320\" src=\"https:\/\/rapid.ufzg.hr\/rapid\/wp-content\/uploads\/2025\/12\/slika_7a-e1766419765781.jpeg\" class=\"attachment-full size-full\" alt=\"Konferencija Dijete i jezik\" srcset=\"https:\/\/rapid.ufzg.hr\/rapid\/wp-content\/uploads\/2025\/12\/slika_7a-e1766419765781.jpeg 1058w, https:\/\/rapid.ufzg.hr\/rapid\/wp-content\/uploads\/2025\/12\/slika_7a-e1766419765781-300x91.jpeg 300w, https:\/\/rapid.ufzg.hr\/rapid\/wp-content\/uploads\/2025\/12\/slika_7a-e1766419765781-1024x310.jpeg 1024w, https:\/\/rapid.ufzg.hr\/rapid\/wp-content\/uploads\/2025\/12\/slika_7a-e1766419765781-768x232.jpeg 768w\" sizes=\"auto, (max-width: 1058px) 100vw, 1058px\" \/>\t\t\t\t\t<\/a>\n\t\t\t\t\t\t\t\t\t<\/div>\n\t\t\t\n\t\t\t\t\t\t\t\t\t<\/article>\n\t\t\t\t\t\t\t\t\t\t\t\t\t\t\t\t<article class=\"uagb-post__inner-wrap\">\t\t\t\t\t\t\t\t<h5 class=\"uagb-post__title uagb-post__text\">\n\t\t\t\t<a href=\"https:\/\/rapid.ufzg.hr\/rapid\/medunarodna-lingvisticka-konferencija-u-budimpesti\/\" target=\"_self\" rel=\"bookmark noopener noreferrer\">Me\u0111unarodna lingvisti\u010dka konferencija u Budimpe\u0161ti<\/a>\n\t\t\t<\/h5>\n\t\t\t\t\t\t<div class='uagb-post__text uagb-post-grid-byline'>\n\t\t\t\t\t\t\t\t<time datetime=\"2025-11-29T11:24:00+01:00\" class=\"uagb-post__date\">\n\t\t\t\t<span class=\"dashicons-calendar dashicons\"><\/span>\t\t\t\t\t29\/11\/2025\t\t\t\t<\/time>\n\t\t\t\t\t\t<\/div>\n\t\t\t\t\t\t\t<div class='uagb-post__text uagb-post__excerpt'>\n\t\t\t\t\t<p>Sveu\u010dili\u0161te E\u00f6tv\u00f6s Lor\u00e1nd u Budimpe\u0161ti 27. i 28. studenoga 2025. bilo je doma\u0107in tre\u0107oj me\u0111unarodnoj lingvisti\u010dkoj konferenciji posve\u0107enoj dru\u0161tveno korisnim temama po nazivom&#8230;\t\t\t\t<\/div>\n\t\t\t\t\t\t<div class=\"uagb-post__text uagb-post__cta wp-block-button\">\n\t\t\t\t<a class=\"wp-block-button__link uagb-text-link\" style=\"\" href=\"https:\/\/rapid.ufzg.hr\/rapid\/medunarodna-lingvisticka-konferencija-u-budimpesti\/\" target=\"_self\" rel=\"bookmark noopener noreferrer\">Vi\u0161e<\/a>\n\t\t\t<\/div>\n\t\t\t\t\t\t<div class='uagb-post__image'>\n\t\t\t\t\t\t\t\t\t<a href=\"https:\/\/rapid.ufzg.hr\/rapid\/medunarodna-lingvisticka-konferencija-u-budimpesti\/\" target=\"_self\" rel=\"bookmark noopener noreferrer\"><img loading=\"lazy\" decoding=\"async\" width=\"2048\" height=\"1366\" src=\"https:\/\/rapid.ufzg.hr\/rapid\/wp-content\/uploads\/2025\/12\/slika_8a.jpg\" class=\"attachment-full size-full\" alt=\"Konferencija u Budimpe\u0161ti\" srcset=\"https:\/\/rapid.ufzg.hr\/rapid\/wp-content\/uploads\/2025\/12\/slika_8a.jpg 2048w, https:\/\/rapid.ufzg.hr\/rapid\/wp-content\/uploads\/2025\/12\/slika_8a-300x200.jpg 300w, https:\/\/rapid.ufzg.hr\/rapid\/wp-content\/uploads\/2025\/12\/slika_8a-1024x683.jpg 1024w, https:\/\/rapid.ufzg.hr\/rapid\/wp-content\/uploads\/2025\/12\/slika_8a-768x512.jpg 768w, https:\/\/rapid.ufzg.hr\/rapid\/wp-content\/uploads\/2025\/12\/slika_8a-1536x1025.jpg 1536w\" sizes=\"auto, (max-width: 2048px) 100vw, 2048px\" \/>\t\t\t\t\t<\/a>\n\t\t\t\t\t\t\t\t\t<\/div>\n\t\t\t\n\t\t\t\t\t\t\t\t\t<\/article>\n\t\t\t\t\t\t\t\t\t\t\t\t\t\t\t\t<article class=\"uagb-post__inner-wrap\">\t\t\t\t\t\t\t\t<h5 class=\"uagb-post__title uagb-post__text\">\n\t\t\t\t<a href=\"https:\/\/rapid.ufzg.hr\/rapid\/plenarno-predavanje-o-disciplinarnoj-pismenosti-u-hrvatskome-kao-inome-jeziku\/\" target=\"_self\" rel=\"bookmark noopener noreferrer\">Plenarno predavanje o disciplinarnoj pismenosti u hrvatskome kao inome jeziku<\/a>\n\t\t\t<\/h5>\n\t\t\t\t\t\t<div class='uagb-post__text uagb-post-grid-byline'>\n\t\t\t\t\t\t\t\t<time datetime=\"2025-11-05T10:19:00+01:00\" class=\"uagb-post__date\">\n\t\t\t\t<span class=\"dashicons-calendar dashicons\"><\/span>\t\t\t\t\t05\/11\/2025\t\t\t\t<\/time>\n\t\t\t\t\t\t<\/div>\n\t\t\t\t\t\t\t<div class='uagb-post__text uagb-post__excerpt'>\n\t\t\t\t\t<p>Znanstveno-stru\u010dna konferencija Hrvatski jezik i kultura u inozemstvu: pogled u pro\u0161lost, sada\u0161njost, budu\u0107nost odr\u017eana je 3. i 4. studenoga 2025. na Fakultetu hrvatskih&#8230;\t\t\t\t<\/div>\n\t\t\t\t\t\t<div class=\"uagb-post__text uagb-post__cta wp-block-button\">\n\t\t\t\t<a class=\"wp-block-button__link uagb-text-link\" style=\"\" href=\"https:\/\/rapid.ufzg.hr\/rapid\/plenarno-predavanje-o-disciplinarnoj-pismenosti-u-hrvatskome-kao-inome-jeziku\/\" target=\"_self\" rel=\"bookmark noopener noreferrer\">Vi\u0161e<\/a>\n\t\t\t<\/div>\n\t\t\t\t\t\t<div class='uagb-post__image'>\n\t\t\t\t\t\t\t\t\t<a href=\"https:\/\/rapid.ufzg.hr\/rapid\/plenarno-predavanje-o-disciplinarnoj-pismenosti-u-hrvatskome-kao-inome-jeziku\/\" target=\"_self\" rel=\"bookmark noopener noreferrer\"><img loading=\"lazy\" decoding=\"async\" width=\"1179\" height=\"745\" src=\"https:\/\/rapid.ufzg.hr\/rapid\/wp-content\/uploads\/2025\/12\/slika8_prosjpg.jpg\" class=\"attachment-full size-full\" alt=\"Od intuicije do dokaza: razvoj rane pismenosti u hrvatskome kao J2\" srcset=\"https:\/\/rapid.ufzg.hr\/rapid\/wp-content\/uploads\/2025\/12\/slika8_prosjpg.jpg 1179w, https:\/\/rapid.ufzg.hr\/rapid\/wp-content\/uploads\/2025\/12\/slika8_prosjpg-300x190.jpg 300w, https:\/\/rapid.ufzg.hr\/rapid\/wp-content\/uploads\/2025\/12\/slika8_prosjpg-1024x647.jpg 1024w, https:\/\/rapid.ufzg.hr\/rapid\/wp-content\/uploads\/2025\/12\/slika8_prosjpg-768x485.jpg 768w\" sizes=\"auto, (max-width: 1179px) 100vw, 1179px\" \/>\t\t\t\t\t<\/a>\n\t\t\t\t\t\t\t\t\t<\/div>\n\t\t\t\n\t\t\t\t\t\t\t\t\t<\/article>\n\t\t\t\t\t\t\t\t\t\t\t\t\t\t\t\t<article class=\"uagb-post__inner-wrap\">\t\t\t\t\t\t\t\t<h5 class=\"uagb-post__title uagb-post__text\">\n\t\t\t\t<a href=\"https:\/\/rapid.ufzg.hr\/rapid\/poster-izlaganje-u-nizozemskoj\/\" target=\"_self\" rel=\"bookmark noopener noreferrer\">Poster izlaganje u Nizozemskoj<\/a>\n\t\t\t<\/h5>\n\t\t\t\t\t\t<div class='uagb-post__text uagb-post-grid-byline'>\n\t\t\t\t\t\t\t\t<time datetime=\"2025-11-03T10:08:00+01:00\" class=\"uagb-post__date\">\n\t\t\t\t<span class=\"dashicons-calendar dashicons\"><\/span>\t\t\t\t\t03\/11\/2025\t\t\t\t<\/time>\n\t\t\t\t\t\t<\/div>\n\t\t\t\t\t\t\t<div class='uagb-post__text uagb-post__excerpt'>\n\t\t\t\t\t<p>Na me\u0111unarodnoj konferenciji 12th International Conference on Multimodality odr\u017eanoj od 29. listopada do 1. studenoga 2025. na Sveu\u010dili\u0161tu Groningen, Nizozemska, Tamara Turza-Bogdan predstavila&#8230;\t\t\t\t<\/div>\n\t\t\t\t\t\t<div class=\"uagb-post__text uagb-post__cta wp-block-button\">\n\t\t\t\t<a class=\"wp-block-button__link uagb-text-link\" style=\"\" href=\"https:\/\/rapid.ufzg.hr\/rapid\/poster-izlaganje-u-nizozemskoj\/\" target=\"_self\" rel=\"bookmark noopener noreferrer\">Vi\u0161e<\/a>\n\t\t\t<\/div>\n\t\t\t\t\t\t<div class='uagb-post__image'>\n\t\t\t\t\t\t\t\t\t<a href=\"https:\/\/rapid.ufzg.hr\/rapid\/poster-izlaganje-u-nizozemskoj\/\" target=\"_self\" rel=\"bookmark noopener noreferrer\"><img loading=\"lazy\" decoding=\"async\" width=\"1280\" height=\"393\" src=\"https:\/\/rapid.ufzg.hr\/rapid\/wp-content\/uploads\/2025\/12\/slika4_pros-e1766482183160.jpeg\" class=\"attachment-full size-full\" alt=\"Poster izlaganje u Nizozemskoj\" srcset=\"https:\/\/rapid.ufzg.hr\/rapid\/wp-content\/uploads\/2025\/12\/slika4_pros-e1766482183160.jpeg 1280w, https:\/\/rapid.ufzg.hr\/rapid\/wp-content\/uploads\/2025\/12\/slika4_pros-e1766482183160-300x92.jpeg 300w, https:\/\/rapid.ufzg.hr\/rapid\/wp-content\/uploads\/2025\/12\/slika4_pros-e1766482183160-1024x314.jpeg 1024w, https:\/\/rapid.ufzg.hr\/rapid\/wp-content\/uploads\/2025\/12\/slika4_pros-e1766482183160-768x236.jpeg 768w\" sizes=\"auto, (max-width: 1280px) 100vw, 1280px\" \/>\t\t\t\t\t<\/a>\n\t\t\t\t\t\t\t\t\t<\/div>\n\t\t\t\n\t\t\t\t\t\t\t\t\t<\/article>\n\t\t\t\t\t\t\t\t\t\t\t\t\t<div class=\"uagb-post-pagination-wrap\">\n\t\t\t\t\t\t<span aria-current=\"page\" class=\"page-numbers current\">1<\/span>\n<a class=\"page-numbers\" href=\"https:\/\/rapid.ufzg.hr\/rapid\/wp-json\/wp\/v2\/pages\/1084\/page\/2\/\">2<\/a>\n<a class=\"page-numbers\" href=\"https:\/\/rapid.ufzg.hr\/rapid\/wp-json\/wp\/v2\/pages\/1084\/page\/3\/\">3<\/a>\n<a class=\"next page-numbers\" href=\"https:\/\/rapid.ufzg.hr\/rapid\/wp-json\/wp\/v2\/pages\/1084\/page\/2\/\">Next \u00bb<\/a>\t\t\t\t\t<\/div>\n\t\t\t\t\t\t\t\t<\/div>\n\t\t\t<\/div><\/div>\n","protected":false},"excerpt":{"rendered":"<p>Konferencije &amp; skupovi<\/p>\n","protected":false},"author":1,"featured_media":0,"parent":0,"menu_order":0,"comment_status":"closed","ping_status":"closed","template":"","meta":{"_uag_custom_page_level_css":"","site-sidebar-layout":"default","site-content-layout":"","ast-site-content-layout":"default","site-content-style":"default","site-sidebar-style":"default","ast-global-header-display":"","ast-banner-title-visibility":"","ast-main-header-display":"","ast-hfb-above-header-display":"","ast-hfb-below-header-display":"","ast-hfb-mobile-header-display":"","site-post-title":"","ast-breadcrumbs-content":"","ast-featured-img":"","footer-sml-layout":"","theme-transparent-header-meta":"","adv-header-id-meta":"","stick-header-meta":"","header-above-stick-meta":"","header-main-stick-meta":"","header-below-stick-meta":"","astra-migrate-meta-layouts":"set","ast-page-background-enabled":"default","ast-page-background-meta":{"desktop":{"background-color":"var(--ast-global-color-4)","background-image":"","background-repeat":"repeat","background-position":"center center","background-size":"auto","background-attachment":"scroll","background-type":"","background-media":"","overlay-type":"","overlay-color":"","overlay-opacity":"","overlay-gradient":""},"tablet":{"background-color":"","background-image":"","background-repeat":"repeat","background-position":"center center","background-size":"auto","background-attachment":"scroll","background-type":"","background-media":"","overlay-type":"","overlay-color":"","overlay-opacity":"","overlay-gradient":""},"mobile":{"background-color":"","background-image":"","background-repeat":"repeat","background-position":"center center","background-size":"auto","background-attachment":"scroll","background-type":"","background-media":"","overlay-type":"","overlay-color":"","overlay-opacity":"","overlay-gradient":""}},"ast-content-background-meta":{"desktop":{"background-color":"var(--ast-global-color-5)","background-image":"","background-repeat":"repeat","background-position":"center center","background-size":"auto","background-attachment":"scroll","background-type":"","background-media":"","overlay-type":"","overlay-color":"","overlay-opacity":"","overlay-gradient":""},"tablet":{"background-color":"var(--ast-global-color-5)","background-image":"","background-repeat":"repeat","background-position":"center center","background-size":"auto","background-attachment":"scroll","background-type":"","background-media":"","overlay-type":"","overlay-color":"","overlay-opacity":"","overlay-gradient":""},"mobile":{"background-color":"var(--ast-global-color-5)","background-image":"","background-repeat":"repeat","background-position":"center center","background-size":"auto","background-attachment":"scroll","background-type":"","background-media":"","overlay-type":"","overlay-color":"","overlay-opacity":"","overlay-gradient":""}},"footnotes":""},"class_list":["post-1084","page","type-page","status-publish","hentry"],"uagb_featured_image_src":{"full":false,"thumbnail":false,"medium":false,"medium_large":false,"large":false,"1536x1536":false,"2048x2048":false},"uagb_author_info":{"display_name":"marko","author_link":"https:\/\/rapid.ufzg.hr\/rapid\/author\/marko\/"},"uagb_comment_info":0,"uagb_excerpt":"Konferencije &amp; skupovi","_links":{"self":[{"href":"https:\/\/rapid.ufzg.hr\/rapid\/wp-json\/wp\/v2\/pages\/1084","targetHints":{"allow":["GET"]}}],"collection":[{"href":"https:\/\/rapid.ufzg.hr\/rapid\/wp-json\/wp\/v2\/pages"}],"about":[{"href":"https:\/\/rapid.ufzg.hr\/rapid\/wp-json\/wp\/v2\/types\/page"}],"author":[{"embeddable":true,"href":"https:\/\/rapid.ufzg.hr\/rapid\/wp-json\/wp\/v2\/users\/1"}],"replies":[{"embeddable":true,"href":"https:\/\/rapid.ufzg.hr\/rapid\/wp-json\/wp\/v2\/comments?post=1084"}],"version-history":[{"count":9,"href":"https:\/\/rapid.ufzg.hr\/rapid\/wp-json\/wp\/v2\/pages\/1084\/revisions"}],"predecessor-version":[{"id":1707,"href":"https:\/\/rapid.ufzg.hr\/rapid\/wp-json\/wp\/v2\/pages\/1084\/revisions\/1707"}],"wp:attachment":[{"href":"https:\/\/rapid.ufzg.hr\/rapid\/wp-json\/wp\/v2\/media?parent=1084"}],"curies":[{"name":"wp","href":"https:\/\/api.w.org\/{rel}","templated":true}]}}