{"id":1057,"date":"2025-02-06T17:30:45","date_gmt":"2025-02-06T16:30:45","guid":{"rendered":"http:\/\/rapid.ufzg.hr\/rapid\/?page_id=1057"},"modified":"2025-12-20T10:18:31","modified_gmt":"2025-12-20T09:18:31","slug":"sastanci-radionice","status":"publish","type":"page","link":"https:\/\/rapid.ufzg.hr\/rapid\/sastanci-radionice\/","title":{"rendered":"Sastanci &amp; radionice"},"content":{"rendered":"\n<div class=\"wp-block-uagb-container uagb-block-3ef9f147 alignfull uagb-is-root-container\"><div class=\"uagb-container-inner-blocks-wrap\">\n<div class=\"wp-block-uagb-advanced-heading uagb-block-0b6282e6\"><h4 class=\"uagb-heading-text\">Sastanci<\/h4><div class=\"uagb-separator\"><\/div><\/div>\n\n\n\n\t\t\t<div class=\"wp-block-uagb-post-grid uagb-post-grid  uagb-post__image-position-background uagb-post__image-enabled uagb-block-54d32fe7     uagb-post__items uagb-post__columns-1 is-grid uagb-post__columns-tablet-2 uagb-post__columns-mobile-1 uagb-post__equal-height\" data-total=\"2\" style=\"\">\n\n\t\t\t\t\t\t\t\t\t\t\t\t<article class=\"uagb-post__inner-wrap\">\t\t\t\t\t\t\t\t<h5 class=\"uagb-post__title uagb-post__text\">\n\t\t\t\t<a href=\"https:\/\/rapid.ufzg.hr\/rapid\/medunarodna-doktorska-skola-u-krakowu-poljska\/\" target=\"_self\" rel=\"bookmark noopener noreferrer\">Me\u0111unarodna doktorska \u0161kola u Krakowu, Poljska<\/a>\n\t\t\t<\/h5>\n\t\t\t\t\t\t<div class='uagb-post__text uagb-post-grid-byline'>\n\t\t\t\t\t\t\t\t<time datetime=\"2025-06-23T12:55:00+01:00\" class=\"uagb-post__date\">\n\t\t\t\t<span class=\"dashicons-calendar dashicons\"><\/span>\t\t\t\t\t23\/06\/2025\t\t\t\t<\/time>\n\t\t\t\t\t\t<\/div>\n\t\t\t\t\t\t\t<div class='uagb-post__text uagb-post__excerpt'>\n\t\t\t\t\t<p>Suradnik na projektu RAPID Perica Vuji\u0107 sudjelovao je na doktorskoj \u0161koli INTERMET \u2013 Interdisciplinarne metode u lingvisti\u010dkim istra\u017eivanjima od 19. do 23. svibnja&#8230;\t\t\t\t<\/div>\n\t\t\t\t\t\t<div class=\"uagb-post__text uagb-post__cta wp-block-button\">\n\t\t\t\t<a class=\"wp-block-button__link uagb-text-link\" style=\"\" href=\"https:\/\/rapid.ufzg.hr\/rapid\/medunarodna-doktorska-skola-u-krakowu-poljska\/\" target=\"_self\" rel=\"bookmark noopener noreferrer\">Vi\u0161e<\/a>\n\t\t\t<\/div>\n\t\t\t\t\t\t<div class='uagb-post__image'>\n\t\t\t\t\t\t\t\t\t<a href=\"https:\/\/rapid.ufzg.hr\/rapid\/medunarodna-doktorska-skola-u-krakowu-poljska\/\" target=\"_self\" rel=\"bookmark noopener noreferrer\"><img loading=\"lazy\" decoding=\"async\" width=\"2040\" height=\"1530\" src=\"https:\/\/rapid.ufzg.hr\/rapid\/wp-content\/uploads\/2025\/06\/04_krakow.jpeg\" class=\"attachment-full size-full\" alt=\"INTERMET \u2013 Interdisciplinarne metode u lingvisti\u010dkim istra\u017eivanjima\" srcset=\"https:\/\/rapid.ufzg.hr\/rapid\/wp-content\/uploads\/2025\/06\/04_krakow.jpeg 2040w, https:\/\/rapid.ufzg.hr\/rapid\/wp-content\/uploads\/2025\/06\/04_krakow-300x225.jpeg 300w, https:\/\/rapid.ufzg.hr\/rapid\/wp-content\/uploads\/2025\/06\/04_krakow-1024x768.jpeg 1024w, https:\/\/rapid.ufzg.hr\/rapid\/wp-content\/uploads\/2025\/06\/04_krakow-768x576.jpeg 768w, https:\/\/rapid.ufzg.hr\/rapid\/wp-content\/uploads\/2025\/06\/04_krakow-1536x1152.jpeg 1536w\" sizes=\"auto, (max-width: 2040px) 100vw, 2040px\" \/>\t\t\t\t\t<\/a>\n\t\t\t\t\t\t\t\t\t<\/div>\n\t\t\t\n\t\t\t\t\t\t\t\t\t<\/article>\n\t\t\t\t\t\t\t\t\t\t\t\t\t\t\t\t<article class=\"uagb-post__inner-wrap\">\t\t\t\t\t\t\t\t<h5 class=\"uagb-post__title uagb-post__text\">\n\t\t\t\t<a href=\"https:\/\/rapid.ufzg.hr\/rapid\/sastanci-i-radionice\/\" target=\"_self\" rel=\"bookmark noopener noreferrer\">Sastanci i radionice<\/a>\n\t\t\t<\/h5>\n\t\t\t\t\t\t<div class='uagb-post__text uagb-post-grid-byline'>\n\t\t\t\t\t\t\t\t<time datetime=\"2025-05-14T21:56:01+01:00\" class=\"uagb-post__date\">\n\t\t\t\t<span class=\"dashicons-calendar dashicons\"><\/span>\t\t\t\t\t14\/05\/2025\t\t\t\t<\/time>\n\t\t\t\t\t\t<\/div>\n\t\t\t\t\t\t\t<div class='uagb-post__text uagb-post__excerpt'>\n\t\t\t\t\t<p>Prva istra\u017eiva\u010dka radionica suradnika projekta RAPID odr\u017eana je 7. i 8. svibnja 2025. godine u Osijeku. Projektnu skupinu na Fakultetu za odgojne i&#8230;\t\t\t\t<\/div>\n\t\t\t\t\t\t<div class=\"uagb-post__text uagb-post__cta wp-block-button\">\n\t\t\t\t<a class=\"wp-block-button__link uagb-text-link\" style=\"\" href=\"https:\/\/rapid.ufzg.hr\/rapid\/sastanci-i-radionice\/\" target=\"_self\" rel=\"bookmark noopener noreferrer\">Vi\u0161e<\/a>\n\t\t\t<\/div>\n\t\t\t\t\t\t<div class='uagb-post__image'>\n\t\t\t\t\t\t\t\t\t<a href=\"https:\/\/rapid.ufzg.hr\/rapid\/sastanci-i-radionice\/\" target=\"_self\" rel=\"bookmark noopener noreferrer\"><img loading=\"lazy\" decoding=\"async\" width=\"2560\" height=\"1920\" src=\"https:\/\/rapid.ufzg.hr\/rapid\/wp-content\/uploads\/2025\/05\/FOOZOS_1-scaled.jpg\" class=\"attachment-full size-full\" alt=\"\" srcset=\"https:\/\/rapid.ufzg.hr\/rapid\/wp-content\/uploads\/2025\/05\/FOOZOS_1-scaled.jpg 2560w, https:\/\/rapid.ufzg.hr\/rapid\/wp-content\/uploads\/2025\/05\/FOOZOS_1-300x225.jpg 300w, https:\/\/rapid.ufzg.hr\/rapid\/wp-content\/uploads\/2025\/05\/FOOZOS_1-1024x768.jpg 1024w, https:\/\/rapid.ufzg.hr\/rapid\/wp-content\/uploads\/2025\/05\/FOOZOS_1-768x576.jpg 768w, https:\/\/rapid.ufzg.hr\/rapid\/wp-content\/uploads\/2025\/05\/FOOZOS_1-1536x1152.jpg 1536w, https:\/\/rapid.ufzg.hr\/rapid\/wp-content\/uploads\/2025\/05\/FOOZOS_1-2048x1536.jpg 2048w\" sizes=\"auto, (max-width: 2560px) 100vw, 2560px\" \/>\t\t\t\t\t<\/a>\n\t\t\t\t\t\t\t\t\t<\/div>\n\t\t\t\n\t\t\t\t\t\t\t\t\t<\/article>\n\t\t\t\t\t\t\t\t\t\t\t\t\t\t\t\t<article class=\"uagb-post__inner-wrap\">\t\t\t\t\t\t\t\t<h5 class=\"uagb-post__title uagb-post__text\">\n\t\t\t\t<a href=\"https:\/\/rapid.ufzg.hr\/rapid\/istrazivacice-projekta-rapid-sudjelovale-na-sastanku-istrazivacke-mreze-cost\/\" target=\"_self\" rel=\"bookmark noopener noreferrer\">Istra\u017eiva\u010dice projekta RAPID sudjelovale na sastanku istra\u017eiva\u010dke mre\u017ee COST<\/a>\n\t\t\t<\/h5>\n\t\t\t\t\t\t<div class='uagb-post__text uagb-post-grid-byline'>\n\t\t\t\t\t\t\t\t<time datetime=\"2025-04-08T18:48:31+01:00\" class=\"uagb-post__date\">\n\t\t\t\t<span class=\"dashicons-calendar dashicons\"><\/span>\t\t\t\t\t08\/04\/2025\t\t\t\t<\/time>\n\t\t\t\t\t\t<\/div>\n\t\t\t\t\t\t\t<div class='uagb-post__text uagb-post__excerpt'>\n\t\t\t\t\t<p>U Poslijediplomskome sredi\u0161tu Dubrovnik Sveu\u010dili\u0161ta u Zagrebu od 31. o\u017eujka do 2. travnja 2025. godine odr\u017ean je sastanak istra\u017eiva\u010dke mre\u017ee COST Network for&#8230;\t\t\t\t<\/div>\n\t\t\t\t\t\t<div class=\"uagb-post__text uagb-post__cta wp-block-button\">\n\t\t\t\t<a class=\"wp-block-button__link uagb-text-link\" style=\"\" href=\"https:\/\/rapid.ufzg.hr\/rapid\/istrazivacice-projekta-rapid-sudjelovale-na-sastanku-istrazivacke-mreze-cost\/\" target=\"_self\" rel=\"bookmark noopener noreferrer\">Vi\u0161e<\/a>\n\t\t\t<\/div>\n\t\t\t\t\t\t<div class='uagb-post__image'>\n\t\t\t\t\t\t\t\t\t<a href=\"https:\/\/rapid.ufzg.hr\/rapid\/istrazivacice-projekta-rapid-sudjelovale-na-sastanku-istrazivacke-mreze-cost\/\" target=\"_self\" rel=\"bookmark noopener noreferrer\"><img loading=\"lazy\" decoding=\"async\" width=\"1920\" height=\"493\" src=\"https:\/\/rapid.ufzg.hr\/rapid\/wp-content\/uploads\/2025\/04\/COST_2-1-scaled-e1744134768413.jpg\" class=\"attachment-full size-full\" alt=\"COST Network for Languages in Education\" srcset=\"https:\/\/rapid.ufzg.hr\/rapid\/wp-content\/uploads\/2025\/04\/COST_2-1-scaled-e1744134768413.jpg 1920w, https:\/\/rapid.ufzg.hr\/rapid\/wp-content\/uploads\/2025\/04\/COST_2-1-scaled-e1744134768413-300x77.jpg 300w, https:\/\/rapid.ufzg.hr\/rapid\/wp-content\/uploads\/2025\/04\/COST_2-1-scaled-e1744134768413-1024x263.jpg 1024w, https:\/\/rapid.ufzg.hr\/rapid\/wp-content\/uploads\/2025\/04\/COST_2-1-scaled-e1744134768413-768x197.jpg 768w, https:\/\/rapid.ufzg.hr\/rapid\/wp-content\/uploads\/2025\/04\/COST_2-1-scaled-e1744134768413-1536x394.jpg 1536w\" sizes=\"auto, (max-width: 1920px) 100vw, 1920px\" \/>\t\t\t\t\t<\/a>\n\t\t\t\t\t\t\t\t\t<\/div>\n\t\t\t\n\t\t\t\t\t\t\t\t\t<\/article>\n\t\t\t\t\t\t\t\t\t\t\t\t\t<div class=\"uagb-post-pagination-wrap\">\n\t\t\t\t\t\t<span aria-current=\"page\" class=\"page-numbers current\">1<\/span>\n<a class=\"page-numbers\" href=\"https:\/\/rapid.ufzg.hr\/rapid\/wp-json\/wp\/v2\/pages\/1057\/page\/2\/\">2<\/a>\n<a class=\"next page-numbers\" href=\"https:\/\/rapid.ufzg.hr\/rapid\/wp-json\/wp\/v2\/pages\/1057\/page\/2\/\">Next \u00bb<\/a>\t\t\t\t\t<\/div>\n\t\t\t\t\t\t\t\t<\/div>\n\t\t\t<\/div><\/div>\n\n\n\n<div class=\"wp-block-uagb-container uagb-block-e4b0c360 alignfull uagb-is-root-container\"><div class=\"uagb-container-inner-blocks-wrap\">\n<div class=\"wp-block-uagb-advanced-heading uagb-block-6ea9c0c9\"><h4 class=\"uagb-heading-text\">Radionice<\/h4><div class=\"uagb-separator\"><\/div><\/div>\n\n\n\n\t\t\t<div class=\"wp-block-uagb-post-grid uagb-post-grid  uagb-post__image-position-background uagb-post__image-enabled uagb-block-36ca6171     uagb-post__items uagb-post__columns-1 is-grid uagb-post__columns-tablet-2 uagb-post__columns-mobile-1 uagb-post__equal-height\" data-total=\"2\" style=\"\">\n\n\t\t\t\t\t\t\t\t\t\t\t\t<article class=\"uagb-post__inner-wrap\">\t\t\t\t\t\t\t\t<h5 class=\"uagb-post__title uagb-post__text\">\n\t\t\t\t<a href=\"https:\/\/rapid.ufzg.hr\/rapid\/druga-istrazivacka-radionica-projekta-rapid\/\" target=\"_self\" rel=\"bookmark noopener noreferrer\">Druga istra\u017eiva\u010dka radionica projekta RAPID<\/a>\n\t\t\t<\/h5>\n\t\t\t\t\t\t<div class='uagb-post__text uagb-post-grid-byline'>\n\t\t\t\t\t\t\t\t<time datetime=\"2025-10-08T11:36:00+01:00\" class=\"uagb-post__date\">\n\t\t\t\t<span class=\"dashicons-calendar dashicons\"><\/span>\t\t\t\t\t08\/10\/2025\t\t\t\t<\/time>\n\t\t\t\t\t\t<\/div>\n\t\t\t\t\t\t\t<div class='uagb-post__text uagb-post__excerpt'>\n\t\t\t\t\t<p>Druga istra\u017eiva\u010dka radionica projekta RAPID Druga istra\u017eiva\u010dka radionica suradnika projekta RAPID odr\u017eana je 6. i 7. listopada 2025. na ustanovi doma\u0107inu U\u010diteljskom fakultetu&#8230;\t\t\t\t<\/div>\n\t\t\t\t\t\t<div class=\"uagb-post__text uagb-post__cta wp-block-button\">\n\t\t\t\t<a class=\"wp-block-button__link uagb-text-link\" style=\"\" href=\"https:\/\/rapid.ufzg.hr\/rapid\/druga-istrazivacka-radionica-projekta-rapid\/\" target=\"_self\" rel=\"bookmark noopener noreferrer\">Vi\u0161e<\/a>\n\t\t\t<\/div>\n\t\t\t\t\t\t<div class='uagb-post__image'>\n\t\t\t\t\t\t\t\t\t<a href=\"https:\/\/rapid.ufzg.hr\/rapid\/druga-istrazivacka-radionica-projekta-rapid\/\" target=\"_self\" rel=\"bookmark noopener noreferrer\"><img loading=\"lazy\" decoding=\"async\" width=\"2560\" height=\"1920\" src=\"https:\/\/rapid.ufzg.hr\/rapid\/wp-content\/uploads\/2025\/12\/slika_12a-scaled.jpg\" class=\"attachment-full size-full\" alt=\"Druga istra\u017eiva\u010dka radionica projekta RAPID\" srcset=\"https:\/\/rapid.ufzg.hr\/rapid\/wp-content\/uploads\/2025\/12\/slika_12a-scaled.jpg 2560w, https:\/\/rapid.ufzg.hr\/rapid\/wp-content\/uploads\/2025\/12\/slika_12a-300x225.jpg 300w, https:\/\/rapid.ufzg.hr\/rapid\/wp-content\/uploads\/2025\/12\/slika_12a-1024x768.jpg 1024w, https:\/\/rapid.ufzg.hr\/rapid\/wp-content\/uploads\/2025\/12\/slika_12a-768x576.jpg 768w, https:\/\/rapid.ufzg.hr\/rapid\/wp-content\/uploads\/2025\/12\/slika_12a-1536x1152.jpg 1536w, https:\/\/rapid.ufzg.hr\/rapid\/wp-content\/uploads\/2025\/12\/slika_12a-2048x1536.jpg 2048w\" sizes=\"auto, (max-width: 2560px) 100vw, 2560px\" \/>\t\t\t\t\t<\/a>\n\t\t\t\t\t\t\t\t\t<\/div>\n\t\t\t\n\t\t\t\t\t\t\t\t\t<\/article>\n\t\t\t\t\t\t\t\t\t\t\t\t\t\t\t\t<article class=\"uagb-post__inner-wrap\">\t\t\t\t\t\t\t\t<h5 class=\"uagb-post__title uagb-post__text\">\n\t\t\t\t<a href=\"https:\/\/rapid.ufzg.hr\/rapid\/medunarodna-doktorska-skola-u-krakowu-poljska\/\" target=\"_self\" rel=\"bookmark noopener noreferrer\">Me\u0111unarodna doktorska \u0161kola u Krakowu, Poljska<\/a>\n\t\t\t<\/h5>\n\t\t\t\t\t\t<div class='uagb-post__text uagb-post-grid-byline'>\n\t\t\t\t\t\t\t\t<time datetime=\"2025-06-23T12:55:00+01:00\" class=\"uagb-post__date\">\n\t\t\t\t<span class=\"dashicons-calendar dashicons\"><\/span>\t\t\t\t\t23\/06\/2025\t\t\t\t<\/time>\n\t\t\t\t\t\t<\/div>\n\t\t\t\t\t\t\t<div class='uagb-post__text uagb-post__excerpt'>\n\t\t\t\t\t<p>Suradnik na projektu RAPID Perica Vuji\u0107 sudjelovao je na doktorskoj \u0161koli INTERMET \u2013 Interdisciplinarne metode u lingvisti\u010dkim istra\u017eivanjima od 19. do 23. svibnja&#8230;\t\t\t\t<\/div>\n\t\t\t\t\t\t<div class=\"uagb-post__text uagb-post__cta wp-block-button\">\n\t\t\t\t<a class=\"wp-block-button__link uagb-text-link\" style=\"\" href=\"https:\/\/rapid.ufzg.hr\/rapid\/medunarodna-doktorska-skola-u-krakowu-poljska\/\" target=\"_self\" rel=\"bookmark noopener noreferrer\">Vi\u0161e<\/a>\n\t\t\t<\/div>\n\t\t\t\t\t\t<div class='uagb-post__image'>\n\t\t\t\t\t\t\t\t\t<a href=\"https:\/\/rapid.ufzg.hr\/rapid\/medunarodna-doktorska-skola-u-krakowu-poljska\/\" target=\"_self\" rel=\"bookmark noopener noreferrer\"><img loading=\"lazy\" decoding=\"async\" width=\"2040\" height=\"1530\" src=\"https:\/\/rapid.ufzg.hr\/rapid\/wp-content\/uploads\/2025\/06\/04_krakow.jpeg\" class=\"attachment-full size-full\" alt=\"INTERMET \u2013 Interdisciplinarne metode u lingvisti\u010dkim istra\u017eivanjima\" srcset=\"https:\/\/rapid.ufzg.hr\/rapid\/wp-content\/uploads\/2025\/06\/04_krakow.jpeg 2040w, https:\/\/rapid.ufzg.hr\/rapid\/wp-content\/uploads\/2025\/06\/04_krakow-300x225.jpeg 300w, https:\/\/rapid.ufzg.hr\/rapid\/wp-content\/uploads\/2025\/06\/04_krakow-1024x768.jpeg 1024w, https:\/\/rapid.ufzg.hr\/rapid\/wp-content\/uploads\/2025\/06\/04_krakow-768x576.jpeg 768w, https:\/\/rapid.ufzg.hr\/rapid\/wp-content\/uploads\/2025\/06\/04_krakow-1536x1152.jpeg 1536w\" sizes=\"auto, (max-width: 2040px) 100vw, 2040px\" \/>\t\t\t\t\t<\/a>\n\t\t\t\t\t\t\t\t\t<\/div>\n\t\t\t\n\t\t\t\t\t\t\t\t\t<\/article>\n\t\t\t\t\t\t\t\t\t\t\t\t\t\t\t\t<article class=\"uagb-post__inner-wrap\">\t\t\t\t\t\t\t\t<h5 class=\"uagb-post__title uagb-post__text\">\n\t\t\t\t<a href=\"https:\/\/rapid.ufzg.hr\/rapid\/sastanci-i-radionice\/\" target=\"_self\" rel=\"bookmark noopener noreferrer\">Sastanci i radionice<\/a>\n\t\t\t<\/h5>\n\t\t\t\t\t\t<div class='uagb-post__text uagb-post-grid-byline'>\n\t\t\t\t\t\t\t\t<time datetime=\"2025-05-14T21:56:01+01:00\" class=\"uagb-post__date\">\n\t\t\t\t<span class=\"dashicons-calendar dashicons\"><\/span>\t\t\t\t\t14\/05\/2025\t\t\t\t<\/time>\n\t\t\t\t\t\t<\/div>\n\t\t\t\t\t\t\t<div class='uagb-post__text uagb-post__excerpt'>\n\t\t\t\t\t<p>Prva istra\u017eiva\u010dka radionica suradnika projekta RAPID odr\u017eana je 7. i 8. svibnja 2025. godine u Osijeku. Projektnu skupinu na Fakultetu za odgojne i&#8230;\t\t\t\t<\/div>\n\t\t\t\t\t\t<div class=\"uagb-post__text uagb-post__cta wp-block-button\">\n\t\t\t\t<a class=\"wp-block-button__link uagb-text-link\" style=\"\" href=\"https:\/\/rapid.ufzg.hr\/rapid\/sastanci-i-radionice\/\" target=\"_self\" rel=\"bookmark noopener noreferrer\">Vi\u0161e<\/a>\n\t\t\t<\/div>\n\t\t\t\t\t\t<div class='uagb-post__image'>\n\t\t\t\t\t\t\t\t\t<a href=\"https:\/\/rapid.ufzg.hr\/rapid\/sastanci-i-radionice\/\" target=\"_self\" rel=\"bookmark noopener noreferrer\"><img loading=\"lazy\" decoding=\"async\" width=\"2560\" height=\"1920\" src=\"https:\/\/rapid.ufzg.hr\/rapid\/wp-content\/uploads\/2025\/05\/FOOZOS_1-scaled.jpg\" class=\"attachment-full size-full\" alt=\"\" srcset=\"https:\/\/rapid.ufzg.hr\/rapid\/wp-content\/uploads\/2025\/05\/FOOZOS_1-scaled.jpg 2560w, https:\/\/rapid.ufzg.hr\/rapid\/wp-content\/uploads\/2025\/05\/FOOZOS_1-300x225.jpg 300w, https:\/\/rapid.ufzg.hr\/rapid\/wp-content\/uploads\/2025\/05\/FOOZOS_1-1024x768.jpg 1024w, https:\/\/rapid.ufzg.hr\/rapid\/wp-content\/uploads\/2025\/05\/FOOZOS_1-768x576.jpg 768w, https:\/\/rapid.ufzg.hr\/rapid\/wp-content\/uploads\/2025\/05\/FOOZOS_1-1536x1152.jpg 1536w, https:\/\/rapid.ufzg.hr\/rapid\/wp-content\/uploads\/2025\/05\/FOOZOS_1-2048x1536.jpg 2048w\" sizes=\"auto, (max-width: 2560px) 100vw, 2560px\" \/>\t\t\t\t\t<\/a>\n\t\t\t\t\t\t\t\t\t<\/div>\n\t\t\t\n\t\t\t\t\t\t\t\t\t<\/article>\n\t\t\t\t\t\t\t\t\t\t\t\t\t<div class=\"uagb-post-pagination-wrap\">\n\t\t\t\t\t\t<span aria-current=\"page\" class=\"page-numbers current\">1<\/span>\n<a class=\"page-numbers\" href=\"https:\/\/rapid.ufzg.hr\/rapid\/wp-json\/wp\/v2\/pages\/1057\/page\/2\/\">2<\/a>\n<a class=\"next page-numbers\" href=\"https:\/\/rapid.ufzg.hr\/rapid\/wp-json\/wp\/v2\/pages\/1057\/page\/2\/\">Next \u00bb<\/a>\t\t\t\t\t<\/div>\n\t\t\t\t\t\t\t\t<\/div>\n\t\t\t<\/div><\/div>\n\n\n\n<p><\/p>\n","protected":false},"excerpt":{"rendered":"<p>Sastanci Radionice<\/p>\n","protected":false},"author":1,"featured_media":0,"parent":0,"menu_order":0,"comment_status":"closed","ping_status":"closed","template":"","meta":{"_uag_custom_page_level_css":"","site-sidebar-layout":"default","site-content-layout":"","ast-site-content-layout":"default","site-content-style":"default","site-sidebar-style":"default","ast-global-header-display":"","ast-banner-title-visibility":"","ast-main-header-display":"","ast-hfb-above-header-display":"","ast-hfb-below-header-display":"","ast-hfb-mobile-header-display":"","site-post-title":"disabled","ast-breadcrumbs-content":"","ast-featured-img":"","footer-sml-layout":"","theme-transparent-header-meta":"","adv-header-id-meta":"","stick-header-meta":"","header-above-stick-meta":"","header-main-stick-meta":"","header-below-stick-meta":"","astra-migrate-meta-layouts":"set","ast-page-background-enabled":"default","ast-page-background-meta":{"desktop":{"background-color":"var(--ast-global-color-4)","background-image":"","background-repeat":"repeat","background-position":"center center","background-size":"auto","background-attachment":"scroll","background-type":"","background-media":"","overlay-type":"","overlay-color":"","overlay-opacity":"","overlay-gradient":""},"tablet":{"background-color":"","background-image":"","background-repeat":"repeat","background-position":"center center","background-size":"auto","background-attachment":"scroll","background-type":"","background-media":"","overlay-type":"","overlay-color":"","overlay-opacity":"","overlay-gradient":""},"mobile":{"background-color":"","background-image":"","background-repeat":"repeat","background-position":"center center","background-size":"auto","background-attachment":"scroll","background-type":"","background-media":"","overlay-type":"","overlay-color":"","overlay-opacity":"","overlay-gradient":""}},"ast-content-background-meta":{"desktop":{"background-color":"var(--ast-global-color-5)","background-image":"","background-repeat":"repeat","background-position":"center center","background-size":"auto","background-attachment":"scroll","background-type":"","background-media":"","overlay-type":"","overlay-color":"","overlay-opacity":"","overlay-gradient":""},"tablet":{"background-color":"var(--ast-global-color-5)","background-image":"","background-repeat":"repeat","background-position":"center center","background-size":"auto","background-attachment":"scroll","background-type":"","background-media":"","overlay-type":"","overlay-color":"","overlay-opacity":"","overlay-gradient":""},"mobile":{"background-color":"var(--ast-global-color-5)","background-image":"","background-repeat":"repeat","background-position":"center center","background-size":"auto","background-attachment":"scroll","background-type":"","background-media":"","overlay-type":"","overlay-color":"","overlay-opacity":"","overlay-gradient":""}},"footnotes":""},"class_list":["post-1057","page","type-page","status-publish","hentry"],"uagb_featured_image_src":{"full":false,"thumbnail":false,"medium":false,"medium_large":false,"large":false,"1536x1536":false,"2048x2048":false},"uagb_author_info":{"display_name":"marko","author_link":"https:\/\/rapid.ufzg.hr\/rapid\/author\/marko\/"},"uagb_comment_info":0,"uagb_excerpt":"Sastanci Radionice","_links":{"self":[{"href":"https:\/\/rapid.ufzg.hr\/rapid\/wp-json\/wp\/v2\/pages\/1057","targetHints":{"allow":["GET"]}}],"collection":[{"href":"https:\/\/rapid.ufzg.hr\/rapid\/wp-json\/wp\/v2\/pages"}],"about":[{"href":"https:\/\/rapid.ufzg.hr\/rapid\/wp-json\/wp\/v2\/types\/page"}],"author":[{"embeddable":true,"href":"https:\/\/rapid.ufzg.hr\/rapid\/wp-json\/wp\/v2\/users\/1"}],"replies":[{"embeddable":true,"href":"https:\/\/rapid.ufzg.hr\/rapid\/wp-json\/wp\/v2\/comments?post=1057"}],"version-history":[{"count":25,"href":"https:\/\/rapid.ufzg.hr\/rapid\/wp-json\/wp\/v2\/pages\/1057\/revisions"}],"predecessor-version":[{"id":1709,"href":"https:\/\/rapid.ufzg.hr\/rapid\/wp-json\/wp\/v2\/pages\/1057\/revisions\/1709"}],"wp:attachment":[{"href":"https:\/\/rapid.ufzg.hr\/rapid\/wp-json\/wp\/v2\/media?parent=1057"}],"curies":[{"name":"wp","href":"https:\/\/api.w.org\/{rel}","templated":true}]}}